{"id":15,"date":"2026-01-29T12:34:17","date_gmt":"2026-01-29T12:34:17","guid":{"rendered":"https:\/\/leofaracheking.com\/?page_id=15"},"modified":"2026-02-04T10:15:17","modified_gmt":"2026-02-04T10:15:17","slug":"sobre-mi","status":"publish","type":"page","link":"https:\/\/leofaracheking.com\/en\/sobre-mi\/","title":{"rendered":"About me"},"content":{"rendered":"<div data-elementor-type=\"wp-page\" data-elementor-id=\"15\" class=\"elementor elementor-15\" data-elementor-post-type=\"page\">\n\t\t\t\t<div class=\"elementor-element elementor-element-4923708 e-flex e-con-boxed e-con e-parent\" data-id=\"4923708\" data-element_type=\"container\">\n\t\t\t\t\t<div class=\"e-con-inner\">\n\t\t\t\t<div class=\"elementor-element elementor-element-35e397a elementor-widget elementor-widget-heading\" data-id=\"35e397a\" data-element_type=\"widget\" data-widget_type=\"heading.default\">\n\t\t\t\t\t<h2 class=\"elementor-heading-title elementor-size-default\">\u3164<\/h2>\t\t\t\t<\/div>\n\t\t\t\t\t<\/div>\n\t\t\t\t<\/div>\n\t\t<div class=\"elementor-element elementor-element-c12ee46 e-flex e-con-boxed e-con e-parent\" data-id=\"c12ee46\" data-element_type=\"container\">\n\t\t\t\t\t<div class=\"e-con-inner\">\n\t\t\t\t<div class=\"elementor-element elementor-element-4b48d96 elementor-widget elementor-widget-heading\" data-id=\"4b48d96\" data-element_type=\"widget\" data-widget_type=\"heading.default\">\n\t\t\t\t\t<h2 class=\"elementor-heading-title elementor-size-default\">\u3164<\/h2>\t\t\t\t<\/div>\n\t\t\t\t\t<\/div>\n\t\t\t\t<\/div>\n\t\t<div class=\"elementor-element elementor-element-006337f e-flex e-con-boxed e-con e-parent\" data-id=\"006337f\" data-element_type=\"container\">\n\t\t\t\t\t<div class=\"e-con-inner\">\n\t\t\t\t<div class=\"elementor-element elementor-element-a93ad2e elementor-widget elementor-widget-html\" data-id=\"a93ad2e\" data-element_type=\"widget\" data-widget_type=\"html.default\">\n\t\t\t\t\t<style>\r\n    .sobre-mi-wrapper {\r\n        font-family: 'Montserrat', sans-serif;\r\n        color: #333;\r\n        max-width: 1100px;\r\n        margin: 0 auto;\r\n        padding: 20px;\r\n    }\r\n\r\n    \/* --- CABECERA --- *\/\r\n    .bio-header {\r\n        text-align: center;\r\n        margin-bottom: 60px;\r\n    }\r\n\r\n    .bio-titulo {\r\n        color: #A62C2B; \/* Rojo Corporativo *\/\r\n        font-size: 42px;\r\n        font-weight: 800;\r\n        text-transform: uppercase;\r\n        margin-bottom: 15px;\r\n        line-height: 1.1;\r\n    }\r\n\r\n    .bio-subtitulo {\r\n        font-size: 20px;\r\n        color: #666;\r\n        font-weight: 500;\r\n        max-width: 800px;\r\n        margin: 0 auto;\r\n    }\r\n\r\n    \/* --- GRID PRINCIPAL (FOTO + TEXTO) --- *\/\r\n    .bio-grid {\r\n        display: flex;\r\n        gap: 50px;\r\n        align-items: flex-start;\r\n        margin-bottom: 60px;\r\n    }\r\n\r\n    .bio-foto-container {\r\n        flex: 1;\r\n        position: relative;\r\n    }\r\n\r\n    .bio-foto {\r\n        width: 100%;\r\n        height: auto;\r\n        border-radius: 8px;\r\n        box-shadow: 15px 15px 0px #fcebeb; \/* Sombra s\u00f3lida decorativa *\/\r\n    }\r\n\r\n    .bio-historia {\r\n        flex: 1.5;\r\n    }\r\n\r\n    .bio-historia h3 {\r\n        color: #D4AF37; \/* Dorado *\/\r\n        font-size: 18px;\r\n        text-transform: uppercase;\r\n        letter-spacing: 2px;\r\n        margin-bottom: 20px;\r\n        border-bottom: 2px solid #D4AF37;\r\n        display: inline-block;\r\n        padding-bottom: 5px;\r\n    }\r\n\r\n    .bio-parrafo {\r\n        font-size: 16px;\r\n        line-height: 1.7;\r\n        color: #444;\r\n        margin-bottom: 20px;\r\n    }\r\n\r\n    \/* --- TIMELINE \/ LOGROS (ESTILO ORIGINAL) --- *\/\r\n    .logros-container {\r\n        background-color: #f9f9f9;\r\n        padding: 40px;\r\n        border-radius: 12px;\r\n        border-left: 5px solid #A62C2B; \/* El borde rojo lateral que te gustaba *\/\r\n    }\r\n\r\n    .logros-titulo {\r\n        font-size: 24px;\r\n        color: #222;\r\n        font-weight: 700;\r\n        margin-bottom: 40px;\r\n        text-align: center;\r\n    }\r\n\r\n    \/* Grid ajustado para 2 columnas bonitas *\/\r\n    .logros-grid {\r\n        display: grid;\r\n        grid-template-columns: repeat(auto-fit, minmax(300px, 1fr)); \/* Columnas un poco m\u00e1s anchas *\/\r\n        gap: 50px; \/* M\u00e1s espacio entre las dos columnas *\/\r\n        max-width: 900px; \/* Limitamos el ancho para que no se separen mucho *\/\r\n        margin: 0 auto; \/* Centramos el bloque *\/\r\n    }\r\n\r\n    .logro-item h4 {\r\n        color: #A62C2B;\r\n        font-size: 20px;\r\n        margin-bottom: 20px;\r\n        font-weight: 700;\r\n        text-align: center; \/* T\u00edtulos centrados *\/\r\n        border-bottom: 1px solid #e0e0e0;\r\n        padding-bottom: 10px;\r\n    }\r\n\r\n    .logro-item ul {\r\n        list-style: none;\r\n        padding: 0;\r\n        margin: 0;\r\n    }\r\n\r\n    .logro-item li {\r\n        margin-bottom: 12px;\r\n        font-size: 15px;\r\n        padding-left: 20px;\r\n        position: relative;\r\n    }\r\n\r\n    \/* Bolita roja personalizada *\/\r\n    .logro-item li::before {\r\n        content: \"\u2022\";\r\n        color: #A62C2B;\r\n        font-weight: bold;\r\n        position: absolute;\r\n        left: 0;\r\n        font-size: 18px;\r\n        line-height: 14px;\r\n    }\r\n\r\n    \/* --- CITA FINAL --- *\/\r\n    .bio-footer-quote {\r\n        margin-top: 60px;\r\n        text-align: center;\r\n        font-size: 22px;\r\n        font-weight: 600;\r\n        font-style: italic;\r\n        color: #555;\r\n    }\r\n\r\n    \/* RESPONSIVE *\/\r\n    @media (max-width: 768px) {\r\n        .bio-titulo { font-size: 32px; }\r\n        .bio-grid { flex-direction: column; }\r\n        .bio-foto-container { width: 100%; }\r\n        .logros-container { padding: 20px; }\r\n    }\r\n<\/style>\r\n\r\n<div class=\"sobre-mi-wrapper\">\r\n\r\n    <div class=\"bio-header\">\r\n        <h1 class=\"bio-titulo\">Leo Farache<\/h1>\r\n        <p class=\"bio-subtitulo\">\r\n            \"Conversation is the first magical act between people.\"\r\n        <\/p>\r\n    <\/div>\r\n\r\n    <div class=\"bio-grid\">\r\n        <div class=\"bio-foto-container\">\r\n            <img decoding=\"async\" src=\"https:\/\/leofaracheking.com\/wp-content\/uploads\/2026\/02\/leo.jpg\" alt=\"Leo Farache\" class=\"bio-foto\">\r\n        <\/div>\r\n\r\n        <div class=\"bio-historia\">\r\n            <h3>My Story<\/h3>\r\n            \r\n            <p class=\"bio-parrafo\">\r\n                Born in Madrid in 1963, my curiosity has led me to explore the world of communication from every possible angle. For decades, I have worked with industry giants such as <strong>Cadena SER<\/strong>, <strong>Movierecord<\/strong> and <strong>McCann Erickson<\/strong>, managing teams and understanding what truly drives businesses.\r\n            <\/p>\r\n\r\n            <p class=\"bio-parrafo\">\r\n                However, professional success taught me a deeper lesson: results don't just happen; they happen when people understand each other. That insight drove me to found <em>Marketing Director<\/em>, <em>M\u00e1s Cuota<\/em> and the educational platform <em>Educar es todo<\/em>.\r\n            <\/p>\r\n\r\n            <p class=\"bio-parrafo\">\r\n                Today, as the author of <em>\"La magia transformadora de la conversaci\u00f3n\"<\/em> and Director of the Association of Media Agencies, I dedicate my life to teaching what I have learned: that <strong>listening is just as important as speaking.<\/strong>.\r\n            <\/p>\r\n        <\/div>\r\n    <\/div>\r\n\r\n    <div class=\"logros-container\">\r\n        <h2 class=\"logros-titulo\">Experience &amp; Vocation<\/h2>\r\n        \r\n        <div class=\"logros-grid\">\r\n            \r\n            <div class=\"logro-item\">\r\n                <h4>Business Career<\/h4>\r\n                <ul>\r\n                    <li>Former Cadena SER and McCann Erickson.<\/li>\r\n                    <li>Spanish Pavilion (Expo 92).<\/li>\r\n                    <li>Founder of M\u00e1s Cuota and Marketing Director.<\/li>\r\n                    <li>Director of the Association of Media Agencies.<\/li>\r\n                    <li>Corporate Event Host &amp; Presenter.<\/li>\r\n                <\/ul>\r\n            <\/div>\r\n\r\n            <div class=\"logro-item\">\r\n                <h4>Educational Vocation<\/h4>\r\n                <ul>\r\n                    <li>Professor at Carlos III University.<\/li>\r\n                    <li>Professor at UAM and ESAN (Lima).<\/li>\r\n                    <li>Creator of \"Conversar Mejor\".<\/li>\r\n                    <li>Author of 3 books (Almuzara Publishing).<\/li>\r\n                    <li>Educational Volunteer (Red Cross).<\/li>\r\n                <\/ul>\r\n            <\/div>\r\n\r\n        <\/div>\r\n    <\/div>\r\n\r\n    <div class=\"bio-footer-quote\">\r\n        \"My mission is to remind you that your happiness and your results depend, largely, on how you converse.\"\r\n    <\/div>\r\n\r\n<\/div>\t\t\t\t<\/div>\n\t\t\t\t\t<\/div>\n\t\t\t\t<\/div>\n\t\t\t\t<\/div>","protected":false},"excerpt":{"rendered":"<p>\u3164 \u3164 Leo Farache \u00abConversar es el primer acto m\u00e1gico entre personas.\u00bb Mi Historia Nac\u00ed en Madrid en 1963 y, desde entonces, mi curiosidad me ha llevado a explorar el mundo de la comunicaci\u00f3n desde todos los \u00e1ngulos posibles. Durante d\u00e9cadas, he trabajado en gigantes como la Cadena SER, Movierecord y McCann Erickson, gestionando equipos&hellip; <a class=\"more-link\" href=\"https:\/\/leofaracheking.com\/en\/sobre-mi\/\">Continue reading <span class=\"screen-reader-text\">About me<\/span><\/a><\/p>","protected":false},"author":1,"featured_media":0,"parent":0,"menu_order":0,"comment_status":"closed","ping_status":"closed","template":"elementor_header_footer","meta":{"footnotes":""},"class_list":["post-15","page","type-page","status-publish","hentry","entry"],"_links":{"self":[{"href":"https:\/\/leofaracheking.com\/en\/wp-json\/wp\/v2\/pages\/15","targetHints":{"allow":["GET"]}}],"collection":[{"href":"https:\/\/leofaracheking.com\/en\/wp-json\/wp\/v2\/pages"}],"about":[{"href":"https:\/\/leofaracheking.com\/en\/wp-json\/wp\/v2\/types\/page"}],"author":[{"embeddable":true,"href":"https:\/\/leofaracheking.com\/en\/wp-json\/wp\/v2\/users\/1"}],"replies":[{"embeddable":true,"href":"https:\/\/leofaracheking.com\/en\/wp-json\/wp\/v2\/comments?post=15"}],"version-history":[{"count":15,"href":"https:\/\/leofaracheking.com\/en\/wp-json\/wp\/v2\/pages\/15\/revisions"}],"predecessor-version":[{"id":236,"href":"https:\/\/leofaracheking.com\/en\/wp-json\/wp\/v2\/pages\/15\/revisions\/236"}],"wp:attachment":[{"href":"https:\/\/leofaracheking.com\/en\/wp-json\/wp\/v2\/media?parent=15"}],"curies":[{"name":"wp","href":"https:\/\/api.w.org\/{rel}","templated":true}]}}