{"id":16,"date":"2026-01-29T12:34:17","date_gmt":"2026-01-29T12:34:17","guid":{"rendered":"https:\/\/leofaracheking.com\/?page_id=16"},"modified":"2026-02-04T11:37:06","modified_gmt":"2026-02-04T11:37:06","slug":"contacto","status":"publish","type":"page","link":"https:\/\/leofaracheking.com\/en\/contacto\/","title":{"rendered":"Contact"},"content":{"rendered":"<div data-elementor-type=\"wp-page\" data-elementor-id=\"16\" class=\"elementor elementor-16\" data-elementor-post-type=\"page\">\n\t\t\t\t<div class=\"elementor-element elementor-element-4b069c63 e-flex e-con-boxed e-con e-parent\" data-id=\"4b069c63\" data-element_type=\"container\">\n\t\t\t\t\t<div class=\"e-con-inner\">\n\t\t\t\t\t<\/div>\n\t\t\t\t<\/div>\n\t\t<div class=\"elementor-element elementor-element-34dbf64 e-grid e-con-boxed e-con e-parent\" data-id=\"34dbf64\" data-element_type=\"container\">\n\t\t\t\t\t<div class=\"e-con-inner\">\n\t\t\t\t<div class=\"elementor-element elementor-element-1c4eb92 elementor-widget elementor-widget-html\" data-id=\"1c4eb92\" data-element_type=\"widget\" data-widget_type=\"html.default\">\n\t\t\t\t\t<style>\r\n    .contacto-pro-wrapper {\r\n        font-family: 'Montserrat', sans-serif;\r\n        padding-right: 30px;\r\n        box-sizing: border-box; \/* Asegura que el padding no rompa el ancho *\/\r\n    }\r\n\r\n    \/* T\u00edtulos *\/\r\n    .titulo-contacto {\r\n        color: #A62C2B;\r\n        font-size: 40px;\r\n        line-height: 1;\r\n        font-weight: 800;\r\n        text-transform: uppercase;\r\n        margin-bottom: 25px;\r\n    }\r\n\r\n    .subtitulo-contacto {\r\n        font-size: 18px;\r\n        color: #555;\r\n        margin-bottom: 40px;\r\n        line-height: 1.5;\r\n    }\r\n\r\n    \/* Lista de Contacto *\/\r\n    .lista-contacto-pro {\r\n        display: flex;\r\n        flex-direction: column;\r\n        gap: 25px;\r\n    }\r\n\r\n    .item-contacto {\r\n        display: flex;\r\n        align-items: center; \/* Centra verticalmente icono y texto *\/\r\n        gap: 20px;\r\n        text-decoration: none;\r\n        transition: transform 0.3s ease;\r\n        width: 100%; \/* Ocupa el ancho disponible *\/\r\n    }\r\n\r\n    .item-contacto:hover {\r\n        transform: translateX(10px);\r\n    }\r\n\r\n    \/* C\u00edrculo del icono *\/\r\n    .icono-pro {\r\n        width: 50px;\r\n        height: 50px;\r\n        min-width: 50px; \/* IMPORTANTE: Evita que el circulo se aplaste en m\u00f3vil *\/\r\n        background-color: #fcebeb; \r\n        border-radius: 50%;\r\n        display: flex;\r\n        align-items: center;\r\n        justify-content: center;\r\n        flex-shrink: 0; \/* IMPORTANTE: El icono no encoge *\/\r\n    }\r\n\r\n    .icono-pro img {\r\n        width: 24px;\r\n        height: auto;\r\n        display: block;\r\n    }\r\n\r\n    .texto-dato {\r\n        font-size: 17px;\r\n        color: #333;\r\n        font-weight: 600;\r\n        line-height: 1.3; \/* Mejor espaciado entre l\u00edneas *\/\r\n    }\r\n    \r\n    .texto-dato span {\r\n        display: block;\r\n        font-size: 13px;\r\n        color: #888;\r\n        font-weight: 400;\r\n        text-transform: uppercase;\r\n        margin-bottom: 4px;\r\n    }\r\n\r\n    \/* Clase especial para que el texto no se parta (tlf y mail) *\/\r\n    .no-break {\r\n        white-space: nowrap;\r\n    }\r\n\r\n    \/* Responsive *\/\r\n    @media (max-width: 768px) {\r\n        .contacto-pro-wrapper {\r\n            padding-right: 0;\r\n            padding-left: 0; \/* Aseguramos limpieza a ambos lados *\/\r\n            margin-bottom: 50px;\r\n            text-align: left; \/* Mantenemos a la izquierda para que se lea mejor *\/\r\n        }\r\n        \r\n        .titulo-contacto {\r\n            font-size: 32px; \/* Un poco m\u00e1s peque\u00f1o para m\u00f3vil *\/\r\n        }\r\n\r\n        \/* En m\u00f3vil, permitimos que el contenedor controle el ancho *\/\r\n        .lista-contacto-pro {\r\n            width: 100%; \r\n        }\r\n\r\n        .item-contacto {\r\n            \/* Opcional: Si quieres que en m\u00f3vil se vea centrado visualmente *\/\r\n            \/* justify-content: flex-start; *\/\r\n        }\r\n    }\r\n<\/style>\r\n\r\n<div class=\"contacto-pro-wrapper\">\r\n    \r\n    <h1 class=\"titulo-contacto\">Let's Talk.<\/h1>\r\n    <p class=\"subtitulo-contacto\">Do you have a project in mind? I am available for training, conferences, and events.<\/p>\r\n\r\n    <div class=\"lista-contacto-pro\">\r\n        <a href=\"tel:+34696903953\" class=\"item-contacto\">\r\n            <div class=\"icono-pro\">\r\n                <img decoding=\"async\" src=\"https:\/\/leofaracheking.com\/wp-content\/uploads\/2026\/02\/voltear-el-telefono.png\" alt=\"Tel\u00e9fono\">\r\n            <\/div>\r\n            <div class=\"texto-dato no-break\">\r\n                <span>Call Us<\/span>\r\n                +34 696 90 39 53\r\n            <\/div>\r\n        <\/a>\r\n\r\n        <a href=\"mailto:farache.leo@gmail.com\" class=\"item-contacto\">\r\n            <div class=\"icono-pro\">\r\n                <img decoding=\"async\" src=\"https:\/\/leofaracheking.com\/wp-content\/uploads\/2026\/02\/sobre.png\" alt=\"Email\">\r\n            <\/div>\r\n            <div class=\"texto-dato no-break\">\r\n                <span>Email Us<\/span>\r\n                farache.leo@gmail.com\r\n            <\/div>\r\n        <\/a>\r\n\r\n        <div class=\"item-contacto\">\r\n            <div class=\"icono-pro\">\r\n                <img decoding=\"async\" src=\"https:\/\/leofaracheking.com\/wp-content\/uploads\/2026\/02\/marcador.png\" alt=\"Direcci\u00f3n\">\r\n            <\/div>\r\n            <div class=\"texto-dato\">\r\n                <span>Visit Us<\/span>\r\n                C\/ Jes\u00fas Aprendiz, 15 2\u00ba derecha, 28007 Madrid\r\n            <\/div>\r\n        <\/div>\r\n        \r\n    <\/div>\r\n\r\n<\/div>\t\t\t\t<\/div>\n\t\t\t\t<div class=\"elementor-element elementor-element-17a8ead elementor-button-align-center elementor-widget elementor-widget-form\" data-id=\"17a8ead\" data-element_type=\"widget\" data-settings=\"{&quot;step_next_label&quot;:&quot;Siguiente&quot;,&quot;step_previous_label&quot;:&quot;Anterior&quot;,&quot;button_width&quot;:&quot;100&quot;,&quot;step_type&quot;:&quot;number_text&quot;,&quot;step_icon_shape&quot;:&quot;circle&quot;}\" data-widget_type=\"form.default\">\n\t\t\t\t\t\t\t<form class=\"elementor-form\" method=\"post\" name=\"Contacto web\" aria-label=\"Contacto web\" action=\"\">\n\t\t\t<input type=\"hidden\" name=\"post_id\" value=\"16\"\/>\n\t\t\t<input type=\"hidden\" name=\"form_id\" value=\"17a8ead\"\/>\n\t\t\t<input type=\"hidden\" name=\"referer_title\" value=\"Contacto\" \/>\n\n\t\t\t\t\t\t\t<input type=\"hidden\" name=\"queried_id\" value=\"16\"\/>\n\t\t\t\n\t\t\t<div class=\"elementor-form-fields-wrapper elementor-labels-above\">\n\t\t\t\t\t\t\t\t<div class=\"elementor-field-type-text elementor-field-group elementor-column elementor-field-group-name elementor-col-100 elementor-field-required elementor-mark-required\">\n\t\t\t\t\t\t\t\t\t\t\t\t<label for=\"form-field-name\" class=\"elementor-field-label\">\n\t\t\t\t\t\t\t\tName\t\t\t\t\t\t\t<\/label>\n\t\t\t\t\t\t\t\t\t\t\t\t\t\t<input size=\"1\" type=\"text\" name=\"form_fields[name]\" id=\"form-field-name\" class=\"elementor-field elementor-size-sm  elementor-field-textual\" placeholder=\"Name\" required=\"required\">\n\t\t\t\t\t\t\t\t\t\t\t<\/div>\n\t\t\t\t\t\t\t\t<div class=\"elementor-field-type-email elementor-field-group elementor-column elementor-field-group-email elementor-col-100 elementor-field-required elementor-mark-required\">\n\t\t\t\t\t\t\t\t\t\t\t\t<label for=\"form-field-email\" class=\"elementor-field-label\">\n\t\t\t\t\t\t\t\tEmail\t\t\t\t\t\t\t<\/label>\n\t\t\t\t\t\t\t\t\t\t\t\t\t\t<input size=\"1\" type=\"email\" name=\"form_fields[email]\" id=\"form-field-email\" class=\"elementor-field elementor-size-sm  elementor-field-textual\" placeholder=\"Email\" required=\"required\">\n\t\t\t\t\t\t\t\t\t\t\t<\/div>\n\t\t\t\t\t\t\t\t<div class=\"elementor-field-type-textarea elementor-field-group elementor-column elementor-field-group-message elementor-col-100\">\n\t\t\t\t\t\t\t\t\t\t\t\t<label for=\"form-field-message\" class=\"elementor-field-label\">\n\t\t\t\t\t\t\t\tMessage\t\t\t\t\t\t\t<\/label>\n\t\t\t\t\t\t<textarea class=\"elementor-field-textual elementor-field  elementor-size-sm\" name=\"form_fields[message]\" id=\"form-field-message\" rows=\"4\" placeholder=\"Message\"><\/textarea>\t\t\t\t<\/div>\n\t\t\t\t\t\t\t\t<div class=\"elementor-field-group elementor-column elementor-field-type-submit elementor-col-100 e-form__buttons\">\n\t\t\t\t\t<button class=\"elementor-button elementor-size-md\" type=\"submit\">\n\t\t\t\t\t\t<span class=\"elementor-button-content-wrapper\">\n\t\t\t\t\t\t\t\t\t\t\t\t\t\t\t\t\t\t\t\t\t\t<span class=\"elementor-button-text\">SEND<\/span>\n\t\t\t\t\t\t\t\t\t\t\t\t\t<\/span>\n\t\t\t\t\t<\/button>\n\t\t\t\t<\/div>\n\t\t\t<\/div>\n\t\t<input type=\"hidden\" name=\"trp-form-language\" value=\"en\"\/><\/form>\n\t\t\t\t\t\t<\/div>\n\t\t\t\t<div class=\"elementor-element elementor-element-5cd3381 elementor-widget elementor-widget-google_maps\" data-id=\"5cd3381\" data-element_type=\"widget\" data-widget_type=\"google_maps.default\">\n\t\t\t\t\t\t\t<div class=\"elementor-custom-embed\">\n\t\t\t<iframe loading=\"lazy\"\n\t\t\t\t\tsrc=\"https:\/\/maps.google.com\/maps?q=Jes%C3%BAs%20Aprendiz%2C%2015%202%C2%BA%20derecha%2C%2028007%20Madrid&#038;t=m&#038;z=10&#038;output=embed&#038;iwloc=near\"\n\t\t\t\t\ttitle=\"Jes\u00fas Aprendiz, 15 2\u00ba derecha, 28007 Madrid\"\n\t\t\t\t\taria-label=\"Jes\u00fas Aprendiz, 15 2\u00ba derecha, 28007 Madrid\"\n\t\t\t><\/iframe>\n\t\t<\/div>\n\t\t\t\t\t\t<\/div>\n\t\t\t\t\t<\/div>\n\t\t\t\t<\/div>\n\t\t\t\t<\/div>","protected":false},"excerpt":{"rendered":"<p>Hablemos. \u00bfTienes un proyecto en mente? Estoy disponible para formaciones, conferencias y eventos. Ll\u00e1manos +34 696 90 39 53 Escr\u00edbenos farache.leo@gmail.com Vis\u00edtanos C\/ Jes\u00fas Aprendiz, 15 2\u00ba derecha, 28007 Madrid<\/p>","protected":false},"author":1,"featured_media":0,"parent":0,"menu_order":0,"comment_status":"closed","ping_status":"closed","template":"elementor_header_footer","meta":{"footnotes":""},"class_list":["post-16","page","type-page","status-publish","hentry","entry"],"_links":{"self":[{"href":"https:\/\/leofaracheking.com\/en\/wp-json\/wp\/v2\/pages\/16","targetHints":{"allow":["GET"]}}],"collection":[{"href":"https:\/\/leofaracheking.com\/en\/wp-json\/wp\/v2\/pages"}],"about":[{"href":"https:\/\/leofaracheking.com\/en\/wp-json\/wp\/v2\/types\/page"}],"author":[{"embeddable":true,"href":"https:\/\/leofaracheking.com\/en\/wp-json\/wp\/v2\/users\/1"}],"replies":[{"embeddable":true,"href":"https:\/\/leofaracheking.com\/en\/wp-json\/wp\/v2\/comments?post=16"}],"version-history":[{"count":22,"href":"https:\/\/leofaracheking.com\/en\/wp-json\/wp\/v2\/pages\/16\/revisions"}],"predecessor-version":[{"id":243,"href":"https:\/\/leofaracheking.com\/en\/wp-json\/wp\/v2\/pages\/16\/revisions\/243"}],"wp:attachment":[{"href":"https:\/\/leofaracheking.com\/en\/wp-json\/wp\/v2\/media?parent=16"}],"curies":[{"name":"wp","href":"https:\/\/api.w.org\/{rel}","templated":true}]}}