{"id":165,"date":"2026-02-02T12:49:40","date_gmt":"2026-02-02T12:49:40","guid":{"rendered":"https:\/\/leofaracheking.com\/?page_id=165"},"modified":"2026-02-02T12:52:20","modified_gmt":"2026-02-02T12:52:20","slug":"politica-de-cookies","status":"publish","type":"page","link":"https:\/\/leofaracheking.com\/en\/politica-de-cookies\/","title":{"rendered":"Pol\u00edtica de cookies"},"content":{"rendered":"<div data-elementor-type=\"wp-page\" data-elementor-id=\"165\" class=\"elementor elementor-165\" data-elementor-post-type=\"page\">\n\t\t\t\t<div class=\"elementor-element elementor-element-a525888 e-flex e-con-boxed e-con e-parent\" data-id=\"a525888\" data-element_type=\"container\">\n\t\t\t\t\t<div class=\"e-con-inner\">\n\t\t\t\t<div class=\"elementor-element elementor-element-017d9e5 elementor-widget elementor-widget-heading\" data-id=\"017d9e5\" data-element_type=\"widget\" data-widget_type=\"heading.default\">\n\t\t\t\t\t<h2 class=\"elementor-heading-title elementor-size-default\">A\u00f1ade aqu\u00ed tu texto de cabecera<\/h2>\t\t\t\t<\/div>\n\t\t\t\t\t<\/div>\n\t\t\t\t<\/div>\n\t\t<div class=\"elementor-element elementor-element-01acd43 e-flex e-con-boxed e-con e-parent\" data-id=\"01acd43\" data-element_type=\"container\">\n\t\t\t\t\t<div class=\"e-con-inner\">\n\t\t\t\t<div class=\"elementor-element elementor-element-eeaf81e elementor-widget elementor-widget-heading\" data-id=\"eeaf81e\" data-element_type=\"widget\" data-widget_type=\"heading.default\">\n\t\t\t\t\t<h2 class=\"elementor-heading-title elementor-size-default\">\u3164\u3164<\/h2>\t\t\t\t<\/div>\n\t\t\t\t\t<\/div>\n\t\t\t\t<\/div>\n\t\t<div class=\"elementor-element elementor-element-642d00c e-flex e-con-boxed e-con e-parent\" data-id=\"642d00c\" data-element_type=\"container\">\n\t\t\t\t\t<div class=\"e-con-inner\">\n\t\t\t\t<div class=\"elementor-element elementor-element-ca09fb6 elementor-widget elementor-widget-heading\" data-id=\"ca09fb6\" data-element_type=\"widget\" data-widget_type=\"heading.default\">\n\t\t\t\t\t<h2 class=\"elementor-heading-title elementor-size-default\">Cookie Policy<\/h2>\t\t\t\t<\/div>\n\t\t\t\t\t<\/div>\n\t\t\t\t<\/div>\n\t\t<div class=\"elementor-element elementor-element-e696cd6 e-flex e-con-boxed e-con e-parent\" data-id=\"e696cd6\" data-element_type=\"container\">\n\t\t\t\t\t<div class=\"e-con-inner\">\n\t\t\t\t<div class=\"elementor-element elementor-element-ebf7c0d elementor-widget elementor-widget-text-editor\" data-id=\"ebf7c0d\" data-element_type=\"widget\" data-widget_type=\"text-editor.default\">\n\t\t\t\t\t\t\t\t\t<p data-path-to-node=\"18\"><b data-path-to-node=\"18\" data-index-in-node=\"0\">WHAT ARE COOKIES?<\/b> A cookie is a file that is downloaded to your computer when accessing certain websites. Cookies allow a website, among other things, to store and retrieve information about the browsing habits of a user or their equipment and, depending on the information they contain and the way they use their equipment, they can be used to recognize the user.<\/p><p data-path-to-node=\"19\"><b data-path-to-node=\"19\" data-index-in-node=\"0\">WHAT TYPES OF COOKIES DOES THIS WEBSITE USE?<\/b><\/p><ul data-path-to-node=\"20\"><li><p data-path-to-node=\"20,0,0\"><b data-path-to-node=\"20,0,0\" data-index-in-node=\"0\">Technical Cookies:<\/b> These allow the user to navigate through a website and use the different options or services available (e.g., controlling traffic, identifying the session, or sharing content on social media).<\/p><\/li><li><p data-path-to-node=\"20,1,0\"><b data-path-to-node=\"20,1,0\" data-index-in-node=\"0\">Analytical Cookies:<\/b> These allow the quantification of the number of users to perform measurement and statistical analysis of how users utilize the offered service (for example, through Google Analytics).<\/p><\/li><\/ul><p data-path-to-node=\"21\"><b data-path-to-node=\"21\" data-index-in-node=\"0\">HOW TO DISABLE COOKIES<\/b> You can allow, block, or delete the cookies installed on your equipment by configuring the options of the browser installed on your computer. Below are guidance links for the most common browsers:<\/p><ul data-path-to-node=\"22\"><li><p data-path-to-node=\"22,0,0\"><b data-path-to-node=\"22,0,0\" data-index-in-node=\"0\">Google Chrome:<\/b> Settings &gt; Privacy and security &gt; Cookies and other site data.<\/p><\/li><li><p data-path-to-node=\"22,1,0\"><b data-path-to-node=\"22,1,0\" data-index-in-node=\"0\">Mozilla Firefox:<\/b> Settings &gt; Privacy &amp; Security &gt; History.<\/p><\/li><li><p data-path-to-node=\"22,2,0\"><b data-path-to-node=\"22,2,0\" data-index-in-node=\"0\">Safari:<\/b> Settings &gt; Privacy.<\/p><\/li><li><p data-path-to-node=\"22,3,0\"><b data-path-to-node=\"22,3,0\" data-index-in-node=\"0\">Microsoft Edge:<\/b> Settings &gt; Cookies and site permissions.<\/p><\/li><\/ul><p data-path-to-node=\"23\">Please note that if you disable cookies, some website features may not function correctly.<\/p>\t\t\t\t\t\t\t\t<\/div>\n\t\t\t\t\t<\/div>\n\t\t\t\t<\/div>\n\t\t\t\t<\/div>","protected":false},"excerpt":{"rendered":"<p>A\u00f1ade aqu\u00ed tu texto de cabecera \u3164\u3164 POL\u00cdTICA DE COOKIES \u00bfQU\u00c9 SON LAS COOKIES? Una cookie es un fichero que se descarga en su ordenador al acceder a determinadas p\u00e1ginas web. Las cookies permiten a una p\u00e1gina web, entre otras cosas, almacenar y recuperar informaci\u00f3n sobre los h\u00e1bitos de navegaci\u00f3n de un usuario o de&hellip; <a class=\"more-link\" href=\"https:\/\/leofaracheking.com\/en\/politica-de-cookies\/\">Continue reading <span class=\"screen-reader-text\">Pol\u00edtica de cookies<\/span><\/a><\/p>","protected":false},"author":1,"featured_media":0,"parent":0,"menu_order":0,"comment_status":"closed","ping_status":"closed","template":"elementor_header_footer","meta":{"footnotes":""},"class_list":["post-165","page","type-page","status-publish","hentry","entry"],"_links":{"self":[{"href":"https:\/\/leofaracheking.com\/en\/wp-json\/wp\/v2\/pages\/165","targetHints":{"allow":["GET"]}}],"collection":[{"href":"https:\/\/leofaracheking.com\/en\/wp-json\/wp\/v2\/pages"}],"about":[{"href":"https:\/\/leofaracheking.com\/en\/wp-json\/wp\/v2\/types\/page"}],"author":[{"embeddable":true,"href":"https:\/\/leofaracheking.com\/en\/wp-json\/wp\/v2\/users\/1"}],"replies":[{"embeddable":true,"href":"https:\/\/leofaracheking.com\/en\/wp-json\/wp\/v2\/comments?post=165"}],"version-history":[{"count":8,"href":"https:\/\/leofaracheking.com\/en\/wp-json\/wp\/v2\/pages\/165\/revisions"}],"predecessor-version":[{"id":174,"href":"https:\/\/leofaracheking.com\/en\/wp-json\/wp\/v2\/pages\/165\/revisions\/174"}],"wp:attachment":[{"href":"https:\/\/leofaracheking.com\/en\/wp-json\/wp\/v2\/media?parent=165"}],"curies":[{"name":"wp","href":"https:\/\/api.w.org\/{rel}","templated":true}]}}