{"id":175,"date":"2026-02-02T12:53:25","date_gmt":"2026-02-02T12:53:25","guid":{"rendered":"https:\/\/leofaracheking.com\/?page_id=175"},"modified":"2026-02-02T12:55:01","modified_gmt":"2026-02-02T12:55:01","slug":"terminos-y-condiciones","status":"publish","type":"page","link":"https:\/\/leofaracheking.com\/en\/terminos-y-condiciones\/","title":{"rendered":"Terms and Conditions"},"content":{"rendered":"<div data-elementor-type=\"wp-page\" data-elementor-id=\"175\" class=\"elementor elementor-175\" data-elementor-post-type=\"page\">\n\t\t\t\t<div class=\"elementor-element elementor-element-42aab7c e-flex e-con-boxed e-con e-parent\" data-id=\"42aab7c\" data-element_type=\"container\">\n\t\t\t\t\t<div class=\"e-con-inner\">\n\t\t\t\t<div class=\"elementor-element elementor-element-b02f190 elementor-widget elementor-widget-heading\" data-id=\"b02f190\" data-element_type=\"widget\" data-widget_type=\"heading.default\">\n\t\t\t\t\t<h2 class=\"elementor-heading-title elementor-size-default\">A\u00f1ade aqu\u00ed tu texto de cabecera<\/h2>\t\t\t\t<\/div>\n\t\t\t\t\t<\/div>\n\t\t\t\t<\/div>\n\t\t<div class=\"elementor-element elementor-element-5445af2 e-flex e-con-boxed e-con e-parent\" data-id=\"5445af2\" data-element_type=\"container\">\n\t\t\t\t\t<div class=\"e-con-inner\">\n\t\t\t\t<div class=\"elementor-element elementor-element-c755791 elementor-widget elementor-widget-heading\" data-id=\"c755791\" data-element_type=\"widget\" data-widget_type=\"heading.default\">\n\t\t\t\t\t<h2 class=\"elementor-heading-title elementor-size-default\">Terms and Conditions of Use<\/h2>\t\t\t\t<\/div>\n\t\t\t\t\t<\/div>\n\t\t\t\t<\/div>\n\t\t<div class=\"elementor-element elementor-element-a12abc6 e-flex e-con-boxed e-con e-parent\" data-id=\"a12abc6\" data-element_type=\"container\">\n\t\t\t\t\t<div class=\"e-con-inner\">\n\t\t\t\t<div class=\"elementor-element elementor-element-d8ac30b elementor-widget__width-initial elementor-widget elementor-widget-text-editor\" data-id=\"d8ac30b\" data-element_type=\"widget\" data-widget_type=\"text-editor.default\">\n\t\t\t\t\t\t\t\t\t<p data-path-to-node=\"28\"><b data-path-to-node=\"28\" data-index-in-node=\"0\">1. OBJECT AND SCOPE OF APPLICATION<\/b> These General Conditions regulate the use of the services offered through the website <a class=\"ng-star-inserted\" href=\"https:\/\/leofaracheking.com\/en\/\" target=\"_blank\" rel=\"noopener\">https:\/\/www.leofaracheking.com\/<\/a>, owned by Leo Ricardo Farache King (hereinafter, \"the Provider\").<\/p><p data-path-to-node=\"29\"><b data-path-to-node=\"29\" data-index-in-node=\"0\">2.DESCR<span class=\"citation-561 citation-562 citation-563\">IPTION OF SERVICES<\/span><\/b> <span class=\"citation-558 citation-559 citation-560 citation-end-560\">Through this website, the Provider offers professional information and contact related to:<\/span><\/p><ul data-path-to-node=\"30\"><li><p data-path-to-node=\"30,0,0\"><span class=\"citation-555 citation-556 citation-557 citation-end-557\">Corporate training (Leadership, Communication, Negotiation).<\/span><\/p><\/li><li><p data-path-to-node=\"30,1,0\"><span class=\"citation-552 citation-553 citation-554 citation-end-554\">Educational workshops for schools, teachers, and families.<\/span><span class=\"citation-552 citation-553 citation-end-553\">res, docentes y familias.<\/span><\/p><\/li><li><p data-path-to-node=\"30,2,0\"><span class=\"citation-550 citation-551 citation-end-551\">Event hosting and moderating services.<\/span><\/p><\/li><li><p data-path-to-node=\"30,3,0\"><span class=\"citation-548 citation-549 citation-end-549\">Information regarding his literary works. <\/span><span class=\"citation-548 citation-end-548\">literarias.<\/span><\/p><\/li><\/ul><p data-path-to-node=\"31\"><b data-path-to-node=\"31\" data-index-in-node=\"0\"><span class=\"citation-547 citation-end-547\">3. CONTRACTING PROCESS<\/span>:<\/b> This website is for informational and professional portfolio purposes. Mere navigation through the web does not imply the start of a commercial contractual relationship. The effective hiring of Leo Farache's services will require prior contact (via web form, telephone, or email) for the preparation of a personalized quote. Once said quote is accepted, the provision of the service will be governed by the specific conditions agreed upon by both parties.<\/p><div class=\"source-inline-chip-container ng-star-inserted\">\u00a0<\/div><p data-path-to-node=\"32\"><b data-path-to-node=\"32\" data-index-in-node=\"0\">4. THIRD-PARTY LINKS (BOOK SALES)<\/b> The website may contain links to external platforms (such as Amazon, Casa del Libro, or Editorial Almuzara) to facilitate the purchase of the author's books. Leo Farache assumes no responsibility for transactions, shipping, returns, or data management carried out on these third-party platforms, which are governed by their own Terms and Conditions.<\/p><p data-path-to-node=\"33\"><b data-path-to-node=\"33\" data-index-in-node=\"0\">5. USER OBLIGATIONS<\/b> The user agrees to use the website and its contents in accordance with the Law and these General Conditions. The user shall refrain from using the website for illegal purposes, prohibited ends, or actions harmful to the rights and interests of third parties.<\/p><p data-path-to-node=\"34\"><b data-path-to-node=\"34\" data-index-in-node=\"0\">6. MODIFICATIONS<\/b> The Provider reserves the right to make, without prior notice, any modifications deemed appropriate to the portal, including changing, deleting, or adding both the content and services provided, as well as the way they are presented.<\/p>\t\t\t\t\t\t\t\t<\/div>\n\t\t\t\t\t<\/div>\n\t\t\t\t<\/div>\n\t\t\t\t<\/div>","protected":false},"excerpt":{"rendered":"<p>A\u00f1ade aqu\u00ed tu texto de cabecera T\u00e9rminos y Condiciones de Uso 1. OBJETO Y \u00c1MBITO DE APLICACI\u00d3N Las presentes Condiciones Generales regulan el uso de los servicios ofrecidos a trav\u00e9s del sitio web https:\/\/www.leofaracheking.com\/, propiedad de Leo Ricardo Farache King (en adelante, \u00abel Prestador\u00bb). 2. DESCRIPCI\u00d3N DE LOS SERVICIOS A trav\u00e9s de este sitio web,&hellip; <a class=\"more-link\" href=\"https:\/\/leofaracheking.com\/en\/terminos-y-condiciones\/\">Continue reading <span class=\"screen-reader-text\">Terms and Conditions<\/span><\/a><\/p>","protected":false},"author":1,"featured_media":0,"parent":0,"menu_order":0,"comment_status":"closed","ping_status":"closed","template":"elementor_header_footer","meta":{"footnotes":""},"class_list":["post-175","page","type-page","status-publish","hentry","entry"],"_links":{"self":[{"href":"https:\/\/leofaracheking.com\/en\/wp-json\/wp\/v2\/pages\/175","targetHints":{"allow":["GET"]}}],"collection":[{"href":"https:\/\/leofaracheking.com\/en\/wp-json\/wp\/v2\/pages"}],"about":[{"href":"https:\/\/leofaracheking.com\/en\/wp-json\/wp\/v2\/types\/page"}],"author":[{"embeddable":true,"href":"https:\/\/leofaracheking.com\/en\/wp-json\/wp\/v2\/users\/1"}],"replies":[{"embeddable":true,"href":"https:\/\/leofaracheking.com\/en\/wp-json\/wp\/v2\/comments?post=175"}],"version-history":[{"count":4,"href":"https:\/\/leofaracheking.com\/en\/wp-json\/wp\/v2\/pages\/175\/revisions"}],"predecessor-version":[{"id":180,"href":"https:\/\/leofaracheking.com\/en\/wp-json\/wp\/v2\/pages\/175\/revisions\/180"}],"wp:attachment":[{"href":"https:\/\/leofaracheking.com\/en\/wp-json\/wp\/v2\/media?parent=175"}],"curies":[{"name":"wp","href":"https:\/\/api.w.org\/{rel}","templated":true}]}}