{"id":51,"date":"2026-01-30T10:04:20","date_gmt":"2026-01-30T10:04:20","guid":{"rendered":"https:\/\/leofaracheking.com\/?page_id=51"},"modified":"2026-02-02T11:44:56","modified_gmt":"2026-02-02T11:44:56","slug":"libro","status":"publish","type":"page","link":"https:\/\/leofaracheking.com\/en\/libro\/","title":{"rendered":"Book"},"content":{"rendered":"<div data-elementor-type=\"wp-page\" data-elementor-id=\"51\" class=\"elementor elementor-51\" data-elementor-post-type=\"page\">\n\t\t\t\t<div class=\"elementor-element elementor-element-b312d12 e-flex e-con-boxed e-con e-parent\" data-id=\"b312d12\" data-element_type=\"container\">\n\t\t\t\t\t<div class=\"e-con-inner\">\n\t\t\t\t<div class=\"elementor-element elementor-element-881d317 elementor-widget elementor-widget-heading\" data-id=\"881d317\" data-element_type=\"widget\" data-widget_type=\"heading.default\">\n\t\t\t\t\t<h2 class=\"elementor-heading-title elementor-size-default\">A\u00f1ade aqu\u00ed tu texto de cabecera<\/h2>\t\t\t\t<\/div>\n\t\t\t\t\t<\/div>\n\t\t\t\t<\/div>\n\t\t<div class=\"elementor-element elementor-element-3868935 e-flex e-con-boxed e-con e-parent\" data-id=\"3868935\" data-element_type=\"container\">\n\t\t\t\t\t<div class=\"e-con-inner\">\n\t\t\t\t\t<\/div>\n\t\t\t\t<\/div>\n\t\t<div class=\"elementor-element elementor-element-a03540b e-flex e-con-boxed e-con e-parent\" data-id=\"a03540b\" data-element_type=\"container\">\n\t\t\t\t\t<div class=\"e-con-inner\">\n\t\t\t\t<div class=\"elementor-element elementor-element-1e67e94 elementor-widget elementor-widget-html\" data-id=\"1e67e94\" data-element_type=\"widget\" data-widget_type=\"html.default\">\n\t\t\t\t\t<style>\r\n    \/* --- ESTRUCTURA GENERAL --- *\/\r\n    .contenedor-libro-v2 {\r\n        display: flex;\r\n        align-items: flex-start; \/* Alineado arriba para mejor lectura *\/\r\n        justify-content: center;\r\n        gap: 60px;\r\n        max-width: 1100px;\r\n        margin: 0 auto;\r\n        font-family: 'Montserrat', sans-serif; \/* Tu tipograf\u00eda *\/\r\n        padding: 40px 20px;\r\n        color: #333;\r\n    }\r\n\r\n    \/* --- COLUMNA IZQUIERDA: LIBRO 3D --- *\/\r\n    .libro-visual {\r\n        flex: 0 0 350px; \/* Ancho fijo para la imagen *\/\r\n        display: flex;\r\n        justify-content: center;\r\n        perspective: 1000px;\r\n    }\r\n\r\n    .libro-visual img {\r\n        width: 100%;\r\n        height: auto;\r\n        max-width: 350px;\r\n        border-radius: 5px;\r\n        \/* Efecto 3D y Sombra realista *\/\r\n        box-shadow: -12px 12px 20px rgba(0,0,0,0.3); \r\n        transform: rotateY(-8deg); \r\n        transition: transform 0.4s ease, box-shadow 0.4s ease;\r\n    }\r\n\r\n    .libro-visual img:hover {\r\n        transform: rotateY(0deg) scale(1.02); \/* Se endereza al pasar el rat\u00f3n *\/\r\n        box-shadow: 0 15px 30px rgba(0,0,0,0.2);\r\n    }\r\n\r\n    \/* --- COLUMNA DERECHA: TEXTO --- *\/\r\n    .libro-info {\r\n        flex: 1;\r\n    }\r\n\r\n    \/* T\u00edtulos *\/\r\n    .titulo-principal {\r\n        color: #A62C2B; \/* Rojo Corporativo *\/\r\n        font-size: 36px;\r\n        line-height: 1.1;\r\n        font-weight: 800;\r\n        margin-bottom: 10px;\r\n        text-transform: uppercase;\r\n    }\r\n\r\n    .subtitulo {\r\n        font-size: 18px;\r\n        color: #666;\r\n        font-weight: 500;\r\n        margin-bottom: 5px;\r\n        display: block;\r\n    }\r\n\r\n    .editorial {\r\n        font-size: 14px;\r\n        text-transform: uppercase;\r\n        letter-spacing: 1px;\r\n        color: #999;\r\n        margin-bottom: 30px;\r\n        display: block;\r\n        font-weight: 700;\r\n    }\r\n\r\n    \/* Promesa Principal *\/\r\n    .promesa-h2 {\r\n        font-size: 22px;\r\n        color: #222;\r\n        font-weight: 700;\r\n        margin-bottom: 15px;\r\n        border-left: 4px solid #A62C2B; \/* L\u00ednea roja vertical decorativa *\/\r\n        padding-left: 15px;\r\n    }\r\n\r\n    .texto-cuerpo {\r\n        font-size: 16px;\r\n        line-height: 1.6;\r\n        color: #444;\r\n        margin-bottom: 25px;\r\n    }\r\n\r\n    \/* Lista de Beneficios *\/\r\n    .intro-lista {\r\n        font-weight: 600;\r\n        margin-bottom: 15px;\r\n        display: block;\r\n    }\r\n\r\n    .lista-puntos {\r\n        list-style: none;\r\n        padding: 0;\r\n        margin: 0 0 30px 0;\r\n    }\r\n\r\n    .lista-puntos li {\r\n        margin-bottom: 12px;\r\n        font-size: 16px;\r\n        display: flex;\r\n        align-items: flex-start;\r\n        line-height: 1.4;\r\n    }\r\n\r\n    .icono-lista {\r\n        margin-right: 12px;\r\n        font-size: 18px;\r\n    }\r\n\r\n    \/* Caja Destacada (Cierre) *\/\r\n    .caja-cierre {\r\n        background-color: #f9f5e6; \/* Beige muy suave *\/\r\n        border: 2px solid #D4AF37; \/* Borde Dorado *\/\r\n        padding: 20px;\r\n        border-radius: 8px;\r\n        font-size: 17px;\r\n        font-weight: 600;\r\n        color: #222;\r\n        margin-bottom: 30px;\r\n        text-align: center;\r\n        box-shadow: 0 4px 10px rgba(0,0,0,0.05);\r\n    }\r\n\r\n    \/* Botones *\/\r\n    .contenedor-botones {\r\n        display: flex;\r\n        gap: 15px;\r\n        flex-wrap: wrap;\r\n    }\r\n\r\n    .btn {\r\n        padding: 14px 28px;\r\n        text-decoration: none;\r\n        font-weight: 700;\r\n        border-radius: 5px;\r\n        text-transform: uppercase;\r\n        font-size: 14px;\r\n        transition: all 0.3s ease;\r\n        text-align: center;\r\n        flex: 1; \/* Para que ocupen espacio similar *\/\r\n        min-width: 200px;\r\n    }\r\n\r\n    .btn-principal {\r\n        background-color: #A62C2B;\r\n        color: #fff !important;\r\n        border: 2px solid #A62C2B;\r\n    }\r\n    .btn-principal:hover {\r\n        background-color: #8a1f1e;\r\n        border-color: #8a1f1e;\r\n    }\r\n\r\n    .btn-secundario {\r\n        background-color: transparent;\r\n        color: #333 !important;\r\n        border: 2px solid #ccc;\r\n    }\r\n    .btn-secundario:hover {\r\n        border-color: #A62C2B;\r\n        color: #A62C2B !important;\r\n        background-color: #fff;\r\n    }\r\n\r\n    \/* RESPONSIVE (M\u00f3vil) *\/\r\n    @media (max-width: 768px) {\r\n        .contenedor-libro-v2 {\r\n            flex-direction: column;\r\n            text-align: center;\r\n            align-items: center;\r\n        }\r\n        .libro-visual {\r\n            flex: 0 0 auto;\r\n            margin-bottom: 20px;\r\n        }\r\n        .libro-visual img {\r\n            max-width: 250px; \/* Libro m\u00e1s peque\u00f1o en m\u00f3vil *\/\r\n        }\r\n        .promesa-h2 {\r\n            border-left: none;\r\n            border-bottom: 3px solid #A62C2B;\r\n            padding-bottom: 10px;\r\n            padding-left: 0;\r\n        }\r\n        .lista-puntos li {\r\n            text-align: left; \/* La lista se lee mejor alineada a la izquierda siempre *\/\r\n            justify-content: center;\r\n        }\r\n    }\r\n<\/style>\r\n\r\n<div class=\"contenedor-libro-v2\">\r\n\r\n    <div class=\"libro-visual\">\r\n        <img decoding=\"async\" src=\"https:\/\/leofaracheking.com\/wp-content\/uploads\/2026\/01\/image-1.png\" alt=\"Portada Libro La Magia Transformadora\">\r\n    <\/div>\r\n\r\n    <div class=\"libro-info\">\r\n        \r\n        <h1 class=\"titulo-principal\">The Transformational Magic of Conversation<\/h1>\r\n        <span class=\"subtitulo\">Unlock the power (and the pleasure) of a good conversation.<\/span>\r\n        <span class=\"editorial\">Editorial Almuzara<\/span>\r\n\r\n        <h2 class=\"promesa-h2\">Conversing isn't a waste of time: it is gaining everything.<\/h2>\r\n        \r\n        <p class=\"texto-cuerpo\">\r\n            This isn't just another book about communication. It is an urgent, intimate, and powerful call to reconnect with what makes us human.\n\nWith clarity, humor, and warmth, these pages remind you of something essential: <strong>our happiness, our relationships, and our well-being depend on how we converse.<\/strong>\r\n        <\/p>\r\n\r\n        <span class=\"intro-lista\">A work full of real stories to reflect, laugh, and take action.<\/span>\r\n\r\n\r\n        <div class=\"caja-cierre\">\r\n            \"More than a book, it is an invitation to rediscover the pleasure and power of communicating with authenticity. Are you going to keep missing the opportunity to have the conversations that could transform your life?\"\r\n        <\/div>\r\n\r\n        <div class=\"contenedor-botones\">\r\n            <a href=\"https:\/\/almuzaralibros.com\/fichalibro.php?libro=11438&edi=1\" target=\"_blank\" class=\"btn btn-principal\">\r\n                View book\r\n            <\/a>\r\n        <\/div>\r\n\r\n    <\/div>\r\n<\/div>\t\t\t\t<\/div>\n\t\t\t\t\t<\/div>\n\t\t\t\t<\/div>\n\t\t\t\t<\/div>","protected":false},"excerpt":{"rendered":"<p>A\u00f1ade aqu\u00ed tu texto de cabecera La magia transformadora de la conversaci\u00f3n Activa el poder (y el placer) de una buena conversaci\u00f3n. Editorial Almuzara Conversar no es perder el tiempo: es ganarlo todo. Este no es un libro m\u00e1s sobre comunicaci\u00f3n. Es una llamada urgente, \u00edntima y poderosa a reconectar con lo que nos hace&hellip; <a class=\"more-link\" href=\"https:\/\/leofaracheking.com\/en\/libro\/\">Continue reading <span class=\"screen-reader-text\">Book<\/span><\/a><\/p>","protected":false},"author":1,"featured_media":0,"parent":0,"menu_order":0,"comment_status":"closed","ping_status":"closed","template":"elementor_header_footer","meta":{"footnotes":""},"class_list":["post-51","page","type-page","status-publish","hentry","entry"],"_links":{"self":[{"href":"https:\/\/leofaracheking.com\/en\/wp-json\/wp\/v2\/pages\/51","targetHints":{"allow":["GET"]}}],"collection":[{"href":"https:\/\/leofaracheking.com\/en\/wp-json\/wp\/v2\/pages"}],"about":[{"href":"https:\/\/leofaracheking.com\/en\/wp-json\/wp\/v2\/types\/page"}],"author":[{"embeddable":true,"href":"https:\/\/leofaracheking.com\/en\/wp-json\/wp\/v2\/users\/1"}],"replies":[{"embeddable":true,"href":"https:\/\/leofaracheking.com\/en\/wp-json\/wp\/v2\/comments?post=51"}],"version-history":[{"count":4,"href":"https:\/\/leofaracheking.com\/en\/wp-json\/wp\/v2\/pages\/51\/revisions"}],"predecessor-version":[{"id":111,"href":"https:\/\/leofaracheking.com\/en\/wp-json\/wp\/v2\/pages\/51\/revisions\/111"}],"wp:attachment":[{"href":"https:\/\/leofaracheking.com\/en\/wp-json\/wp\/v2\/media?parent=51"}],"curies":[{"name":"wp","href":"https:\/\/api.w.org\/{rel}","templated":true}]}}